{"id":49097,"date":"2020-09-29T15:07:45","date_gmt":"2020-09-29T15:07:45","guid":{"rendered":"https:\/\/edu.asada-mesh.com\/?page_id=49097"},"modified":"2020-11-20T17:50:54","modified_gmt":"2020-11-20T17:50:54","slug":"mallas-3d-mesh","status":"publish","type":"page","link":"https:\/\/edu.asada-mesh.com\/es\/mallas-3d-mesh\/","title":{"rendered":"3D-Mesh Mallas 3D"},"content":{"rendered":"\t\t<div data-elementor-type=\"wp-page\" data-elementor-id=\"49097\" class=\"elementor elementor-49097 elementor-48542\" data-elementor-post-type=\"page\">\n\t\t\t\t\t\t<section class=\"elementor-section elementor-top-section elementor-element elementor-element-417c6c34 elementor-section-boxed elementor-section-height-default elementor-section-height-default\" data-id=\"417c6c34\" data-element_type=\"section\">\n\t\t\t\t\t\t<div class=\"elementor-container elementor-column-gap-wider\">\n\t\t\t\t\t<div class=\"elementor-column elementor-col-50 elementor-top-column elementor-element elementor-element-beb1ee3\" data-id=\"beb1ee3\" data-element_type=\"column\" data-settings=\"{&quot;background_background&quot;:&quot;classic&quot;}\">\n\t\t\t<div class=\"elementor-widget-wrap elementor-element-populated\">\n\t\t\t\t\t\t<section class=\"elementor-section elementor-inner-section elementor-element elementor-element-b414e95 elementor-section-boxed elementor-section-height-default elementor-section-height-default\" data-id=\"b414e95\" data-element_type=\"section\">\n\t\t\t\t\t\t<div class=\"elementor-container elementor-column-gap-default\">\n\t\t\t\t\t<div class=\"elementor-column elementor-col-50 elementor-inner-column elementor-element elementor-element-3ba5cc6\" data-id=\"3ba5cc6\" data-element_type=\"column\">\n\t\t\t<div class=\"elementor-widget-wrap elementor-element-populated\">\n\t\t\t\t\t\t<div class=\"elementor-element elementor-element-7c08f75 elementor-widget elementor-widget-image\" data-id=\"7c08f75\" data-element_type=\"widget\" data-widget_type=\"image.default\">\n\t\t\t\t<div class=\"elementor-widget-container\">\n\t\t\t\t\t\t\t\t\t\t\t\t\t<img decoding=\"async\" width=\"268\" height=\"118\" src=\"https:\/\/edu.asada-mesh.com\/wp-content\/uploads\/2020\/07\/3dmesh2.jpg\" class=\"attachment-large size-large wp-image-48548\" alt=\"\" \/>\t\t\t\t\t\t\t\t\t\t\t\t\t<\/div>\n\t\t\t\t<\/div>\n\t\t\t\t\t<\/div>\n\t\t<\/div>\n\t\t\t\t<div class=\"elementor-column elementor-col-50 elementor-inner-column elementor-element elementor-element-bfe8f39\" data-id=\"bfe8f39\" data-element_type=\"column\">\n\t\t\t<div class=\"elementor-widget-wrap elementor-element-populated\">\n\t\t\t\t\t\t<div class=\"elementor-element elementor-element-cf3df7b elementor-widget elementor-widget-image\" data-id=\"cf3df7b\" data-element_type=\"widget\" data-widget_type=\"image.default\">\n\t\t\t\t<div class=\"elementor-widget-container\">\n\t\t\t\t\t\t\t\t\t\t\t\t\t<img decoding=\"async\" width=\"180\" height=\"118\" src=\"https:\/\/edu.asada-mesh.com\/wp-content\/uploads\/2020\/07\/3dmesh3.jpg\" class=\"attachment-large size-large wp-image-48546\" alt=\"\" \/>\t\t\t\t\t\t\t\t\t\t\t\t\t<\/div>\n\t\t\t\t<\/div>\n\t\t\t\t\t<\/div>\n\t\t<\/div>\n\t\t\t\t\t<\/div>\n\t\t<\/section>\n\t\t\t\t<div class=\"elementor-element elementor-element-96270a0 elementor-widget elementor-widget-text-editor\" data-id=\"96270a0\" data-element_type=\"widget\" data-widget_type=\"text-editor.default\">\n\t\t\t\t<div class=\"elementor-widget-container\">\n\t\t\t\t\t\t\t<div class=\"txt\">Estas mallas <strong>3D-mesh<\/strong> son tejidas con una estructura especial que combina hilos de diferentes aleaciones. Con esas t\u00e9cnicas se consiguen mallas de espesores hasta tres veces mayores que el di\u00e1metro de los hilos de acero empleados.\u00a0<\/div><div class=\"txt\">Las mallas 3D se han dise\u00f1ado para aplicaciones que requieren una deposici\u00f3n de pasta m\u00e1s gruesa.<\/div>\t\t\t\t\t\t<\/div>\n\t\t\t\t<\/div>\n\t\t\t\t<div class=\"elementor-element elementor-element-341d4df elementor-button-info elementor-align-center elementor-widget elementor-widget-button\" data-id=\"341d4df\" data-element_type=\"widget\" data-widget_type=\"button.default\">\n\t\t\t\t<div class=\"elementor-widget-container\">\n\t\t\t\t\t<div class=\"elementor-button-wrapper\">\n\t\t\t<a class=\"elementor-button elementor-button-link elementor-size-xs\" href=\"https:\/\/edu.asada-mesh.com\/wp-content\/uploads\/2020\/07\/features.jpg\" target=\"_blank\">\n\t\t\t\t\t\t<span class=\"elementor-button-content-wrapper\">\n\t\t\t\t\t\t\t\t\t<span class=\"elementor-button-text\">Comparativa gr\u00e1fica de productos<\/span>\n\t\t\t\t\t<\/span>\n\t\t\t\t\t<\/a>\n\t\t<\/div>\n\t\t\t\t<\/div>\n\t\t\t\t<\/div>\n\t\t\t\t\t<\/div>\n\t\t<\/div>\n\t\t\t\t<div class=\"elementor-column elementor-col-50 elementor-top-column elementor-element elementor-element-3f8d6e1b\" data-id=\"3f8d6e1b\" data-element_type=\"column\" data-settings=\"{&quot;background_background&quot;:&quot;classic&quot;}\">\n\t\t\t<div class=\"elementor-widget-wrap elementor-element-populated\">\n\t\t\t\t\t<div class=\"elementor-background-overlay\"><\/div>\n\t\t\t\t\t\t<div class=\"elementor-element elementor-element-adc3297 elementor-widget elementor-widget-image\" data-id=\"adc3297\" data-element_type=\"widget\" data-widget_type=\"image.default\">\n\t\t\t\t<div class=\"elementor-widget-container\">\n\t\t\t\t\t\t\t\t\t\t\t\t\t<img fetchpriority=\"high\" decoding=\"async\" width=\"265\" height=\"245\" src=\"https:\/\/edu.asada-mesh.com\/wp-content\/uploads\/2020\/07\/3dmesh.jpg\" class=\"attachment-large size-large wp-image-48544\" alt=\"\" \/>\t\t\t\t\t\t\t\t\t\t\t\t\t<\/div>\n\t\t\t\t<\/div>\n\t\t\t\t\t<\/div>\n\t\t<\/div>\n\t\t\t\t\t<\/div>\n\t\t<\/section>\n\t\t\t\t<section class=\"elementor-section elementor-top-section elementor-element elementor-element-6d4176d6 elementor-section-full_width elementor-section-height-default elementor-section-height-default\" data-id=\"6d4176d6\" data-element_type=\"section\">\n\t\t\t\t\t\t<div class=\"elementor-container elementor-column-gap-no\">\n\t\t\t\t\t<div class=\"elementor-column elementor-col-100 elementor-top-column elementor-element elementor-element-6e3f82ac\" data-id=\"6e3f82ac\" data-element_type=\"column\">\n\t\t\t<div class=\"elementor-widget-wrap elementor-element-populated\">\n\t\t\t\t\t\t<div class=\"elementor-element elementor-element-28703a42 elementor-widget-divider--view-line_text elementor-widget-divider--separator-type-pattern elementor-widget-divider--element-align-center elementor-widget elementor-widget-divider\" data-id=\"28703a42\" data-element_type=\"widget\" data-widget_type=\"divider.default\">\n\t\t\t\t<div class=\"elementor-widget-container\">\n\t\t\t\t\t<div class=\"elementor-divider\" style=\"--divider-pattern-url: url(&quot;data:image\/svg+xml,%3Csvg xmlns=&#039;http:\/\/www.w3.org\/2000\/svg&#039; preserveAspectRatio=&#039;none&#039; overflow=&#039;visible&#039; height=&#039;100%&#039; viewBox=&#039;0 0 20 16&#039; fill=&#039;none&#039; stroke=&#039;black&#039; stroke-width=&#039;3&#039; stroke-linecap=&#039;square&#039; stroke-miterlimit=&#039;10&#039;%3E%3Cg transform=&#039;translate(-12.000000, 0)&#039;%3E%3Cpath d=&#039;M28,0L10,18&#039;\/%3E%3Cpath d=&#039;M18,0L0,18&#039;\/%3E%3Cpath d=&#039;M48,0L30,18&#039;\/%3E%3Cpath d=&#039;M38,0L20,18&#039;\/%3E%3C\/g%3E%3C\/svg%3E&quot;);\">\n\t\t\t<span class=\"elementor-divider-separator\">\n\t\t\t\t\t\t\t<span class=\"elementor-divider__text elementor-divider__element\">\n\t\t\t\tGAma de productos\t\t\t\t<\/span>\n\t\t\t\t\t\t<\/span>\n\t\t<\/div>\n\t\t\t\t<\/div>\n\t\t\t\t<\/div>\n\t\t\t\t\t<\/div>\n\t\t<\/div>\n\t\t\t\t\t<\/div>\n\t\t<\/section>\n\t\t\t\t<section class=\"elementor-section elementor-top-section elementor-element elementor-element-8c0a9c5 elementor-reverse-tablet elementor-reverse-mobile elementor-section-boxed elementor-section-height-default elementor-section-height-default\" data-id=\"8c0a9c5\" data-element_type=\"section\">\n\t\t\t\t\t\t<div class=\"elementor-container elementor-column-gap-wider\">\n\t\t\t\t\t<div class=\"elementor-column elementor-col-100 elementor-top-column elementor-element elementor-element-b1e2c36\" data-id=\"b1e2c36\" data-element_type=\"column\">\n\t\t\t<div class=\"elementor-widget-wrap\">\n\t\t\t\t\t\t\t<\/div>\n\t\t<\/div>\n\t\t\t\t\t<\/div>\n\t\t<\/section>\n\t\t\t\t<\/div>\n\t\t","protected":false},"excerpt":{"rendered":"<p>Estas mallas 3D-mesh son tejidas con una estructura especial que combina hilos de diferentes aleaciones. Con esas t\u00e9cnicas se consiguen&hellip;<\/p>\n","protected":false},"author":2,"featured_media":0,"parent":0,"menu_order":0,"comment_status":"closed","ping_status":"closed","template":"","meta":{"_exactmetrics_skip_tracking":false,"_exactmetrics_sitenote_active":false,"_exactmetrics_sitenote_note":"","_exactmetrics_sitenote_category":0,"_price":"","_stock":"","_tribe_ticket_header":"","_tribe_default_ticket_provider":"","_tribe_ticket_capacity":"0","_ticket_start_date":"","_ticket_end_date":"","_tribe_ticket_show_description":"","_tribe_ticket_show_not_going":false,"_tribe_ticket_use_global_stock":"","_tribe_ticket_global_stock_level":"","_global_stock_mode":"","_global_stock_cap":"","_tribe_rsvp_for_event":"","_tribe_ticket_going_count":"","_tribe_ticket_not_going_count":"","_tribe_tickets_list":[],"_tribe_ticket_has_attendee_info_fields":false},"yoast_head":"<!-- This site is optimized with the Yoast SEO plugin v21.2 - https:\/\/yoast.com\/wordpress\/plugins\/seo\/ -->\n<title>3D-Mesh Mallas 3D - Asada-Mesh<\/title>\n<meta name=\"description\" content=\"3D-mesh son mallas con estrtucturas especiales que propones espesores de malla hasta 2 veces el di\u00e1metro de los hilos de acero con los que se fabrican.\" \/>\n<meta name=\"robots\" content=\"index, follow, max-snippet:-1, max-image-preview:large, max-video-preview:-1\" \/>\n<link rel=\"canonical\" href=\"https:\/\/edu.asada-mesh.com\/es\/mallas-3d-mesh\/\" \/>\n<meta property=\"og:locale\" content=\"es_ES\" \/>\n<meta property=\"og:type\" content=\"article\" \/>\n<meta property=\"og:title\" content=\"3D-Mesh Mallas 3D - Asada-Mesh\" \/>\n<meta property=\"og:description\" content=\"3D-mesh son mallas con estrtucturas especiales que propones espesores de malla hasta 2 veces el di\u00e1metro de los hilos de acero con los que se fabrican.\" \/>\n<meta property=\"og:url\" content=\"https:\/\/edu.asada-mesh.com\/es\/mallas-3d-mesh\/\" \/>\n<meta property=\"og:site_name\" content=\"Asada-Mesh\" \/>\n<meta property=\"article:modified_time\" content=\"2020-11-20T17:50:54+00:00\" \/>\n<meta property=\"og:image\" content=\"https:\/\/edu.asada-mesh.com\/wp-content\/uploads\/2020\/07\/3dmesh2.jpg\" \/>\n<meta name=\"twitter:card\" content=\"summary_large_image\" \/>\n<script type=\"application\/ld+json\" class=\"yoast-schema-graph\">{\"@context\":\"https:\/\/schema.org\",\"@graph\":[{\"@type\":\"WebPage\",\"@id\":\"https:\/\/edu.asada-mesh.com\/es\/mallas-3d-mesh\/\",\"url\":\"https:\/\/edu.asada-mesh.com\/es\/mallas-3d-mesh\/\",\"name\":\"3D-Mesh Mallas 3D - Asada-Mesh\",\"isPartOf\":{\"@id\":\"https:\/\/edu.asada-mesh.com\/#website\"},\"datePublished\":\"2020-09-29T15:07:45+00:00\",\"dateModified\":\"2020-11-20T17:50:54+00:00\",\"description\":\"3D-mesh son mallas con estrtucturas especiales que propones espesores de malla hasta 2 veces el di\u00e1metro de los hilos de acero con los que se fabrican.\",\"breadcrumb\":{\"@id\":\"https:\/\/edu.asada-mesh.com\/es\/mallas-3d-mesh\/#breadcrumb\"},\"inLanguage\":\"es\",\"potentialAction\":[{\"@type\":\"ReadAction\",\"target\":[\"https:\/\/edu.asada-mesh.com\/es\/mallas-3d-mesh\/\"]}]},{\"@type\":\"BreadcrumbList\",\"@id\":\"https:\/\/edu.asada-mesh.com\/es\/mallas-3d-mesh\/#breadcrumb\",\"itemListElement\":[{\"@type\":\"ListItem\",\"position\":1,\"name\":\"Home\",\"item\":\"https:\/\/edu.asada-mesh.com\/es\/\"},{\"@type\":\"ListItem\",\"position\":2,\"name\":\"3D-Mesh Mallas 3D\"}]},{\"@type\":\"WebSite\",\"@id\":\"https:\/\/edu.asada-mesh.com\/#website\",\"url\":\"https:\/\/edu.asada-mesh.com\/\",\"name\":\"Asada-Mesh\",\"description\":\"The World&#039;s Finest Stainless Steel Wire Mesh\",\"publisher\":{\"@id\":\"https:\/\/edu.asada-mesh.com\/#organization\"},\"potentialAction\":[{\"@type\":\"SearchAction\",\"target\":{\"@type\":\"EntryPoint\",\"urlTemplate\":\"https:\/\/edu.asada-mesh.com\/?s={search_term_string}\"},\"query-input\":\"required name=search_term_string\"}],\"inLanguage\":\"es\"},{\"@type\":\"Organization\",\"@id\":\"https:\/\/edu.asada-mesh.com\/#organization\",\"name\":\"Asada Mesh co., Ltd.\",\"url\":\"https:\/\/edu.asada-mesh.com\/\",\"logo\":{\"@type\":\"ImageObject\",\"inLanguage\":\"es\",\"@id\":\"https:\/\/edu.asada-mesh.com\/#\/schema\/logo\/image\/\",\"url\":\"https:\/\/edu.asada-mesh.com\/wp-content\/uploads\/2020\/04\/logo.gif\",\"contentUrl\":\"https:\/\/edu.asada-mesh.com\/wp-content\/uploads\/2020\/04\/logo.gif\",\"width\":410,\"height\":72,\"caption\":\"Asada Mesh co., Ltd.\"},\"image\":{\"@id\":\"https:\/\/edu.asada-mesh.com\/#\/schema\/logo\/image\/\"},\"sameAs\":[\"https:\/\/www.linkedin.com\/groups\/8188921\/\"]}]}<\/script>\n<!-- \/ Yoast SEO plugin. -->","yoast_head_json":{"title":"3D-Mesh Mallas 3D - Asada-Mesh","description":"3D-mesh son mallas con estrtucturas especiales que propones espesores de malla hasta 2 veces el di\u00e1metro de los hilos de acero con los que se fabrican.","robots":{"index":"index","follow":"follow","max-snippet":"max-snippet:-1","max-image-preview":"max-image-preview:large","max-video-preview":"max-video-preview:-1"},"canonical":"https:\/\/edu.asada-mesh.com\/es\/mallas-3d-mesh\/","og_locale":"es_ES","og_type":"article","og_title":"3D-Mesh Mallas 3D - Asada-Mesh","og_description":"3D-mesh son mallas con estrtucturas especiales que propones espesores de malla hasta 2 veces el di\u00e1metro de los hilos de acero con los que se fabrican.","og_url":"https:\/\/edu.asada-mesh.com\/es\/mallas-3d-mesh\/","og_site_name":"Asada-Mesh","article_modified_time":"2020-11-20T17:50:54+00:00","og_image":[{"url":"https:\/\/edu.asada-mesh.com\/wp-content\/uploads\/2020\/07\/3dmesh2.jpg"}],"twitter_card":"summary_large_image","schema":{"@context":"https:\/\/schema.org","@graph":[{"@type":"WebPage","@id":"https:\/\/edu.asada-mesh.com\/es\/mallas-3d-mesh\/","url":"https:\/\/edu.asada-mesh.com\/es\/mallas-3d-mesh\/","name":"3D-Mesh Mallas 3D - Asada-Mesh","isPartOf":{"@id":"https:\/\/edu.asada-mesh.com\/#website"},"datePublished":"2020-09-29T15:07:45+00:00","dateModified":"2020-11-20T17:50:54+00:00","description":"3D-mesh son mallas con estrtucturas especiales que propones espesores de malla hasta 2 veces el di\u00e1metro de los hilos de acero con los que se fabrican.","breadcrumb":{"@id":"https:\/\/edu.asada-mesh.com\/es\/mallas-3d-mesh\/#breadcrumb"},"inLanguage":"es","potentialAction":[{"@type":"ReadAction","target":["https:\/\/edu.asada-mesh.com\/es\/mallas-3d-mesh\/"]}]},{"@type":"BreadcrumbList","@id":"https:\/\/edu.asada-mesh.com\/es\/mallas-3d-mesh\/#breadcrumb","itemListElement":[{"@type":"ListItem","position":1,"name":"Home","item":"https:\/\/edu.asada-mesh.com\/es\/"},{"@type":"ListItem","position":2,"name":"3D-Mesh Mallas 3D"}]},{"@type":"WebSite","@id":"https:\/\/edu.asada-mesh.com\/#website","url":"https:\/\/edu.asada-mesh.com\/","name":"Asada-Mesh","description":"The World&#039;s Finest Stainless Steel Wire Mesh","publisher":{"@id":"https:\/\/edu.asada-mesh.com\/#organization"},"potentialAction":[{"@type":"SearchAction","target":{"@type":"EntryPoint","urlTemplate":"https:\/\/edu.asada-mesh.com\/?s={search_term_string}"},"query-input":"required name=search_term_string"}],"inLanguage":"es"},{"@type":"Organization","@id":"https:\/\/edu.asada-mesh.com\/#organization","name":"Asada Mesh co., Ltd.","url":"https:\/\/edu.asada-mesh.com\/","logo":{"@type":"ImageObject","inLanguage":"es","@id":"https:\/\/edu.asada-mesh.com\/#\/schema\/logo\/image\/","url":"https:\/\/edu.asada-mesh.com\/wp-content\/uploads\/2020\/04\/logo.gif","contentUrl":"https:\/\/edu.asada-mesh.com\/wp-content\/uploads\/2020\/04\/logo.gif","width":410,"height":72,"caption":"Asada Mesh co., Ltd."},"image":{"@id":"https:\/\/edu.asada-mesh.com\/#\/schema\/logo\/image\/"},"sameAs":["https:\/\/www.linkedin.com\/groups\/8188921\/"]}]}},"ticketed":false,"_links":{"self":[{"href":"https:\/\/edu.asada-mesh.com\/es\/wp-json\/wp\/v2\/pages\/49097"}],"collection":[{"href":"https:\/\/edu.asada-mesh.com\/es\/wp-json\/wp\/v2\/pages"}],"about":[{"href":"https:\/\/edu.asada-mesh.com\/es\/wp-json\/wp\/v2\/types\/page"}],"author":[{"embeddable":true,"href":"https:\/\/edu.asada-mesh.com\/es\/wp-json\/wp\/v2\/users\/2"}],"replies":[{"embeddable":true,"href":"https:\/\/edu.asada-mesh.com\/es\/wp-json\/wp\/v2\/comments?post=49097"}],"version-history":[{"count":11,"href":"https:\/\/edu.asada-mesh.com\/es\/wp-json\/wp\/v2\/pages\/49097\/revisions"}],"predecessor-version":[{"id":49746,"href":"https:\/\/edu.asada-mesh.com\/es\/wp-json\/wp\/v2\/pages\/49097\/revisions\/49746"}],"wp:attachment":[{"href":"https:\/\/edu.asada-mesh.com\/es\/wp-json\/wp\/v2\/media?parent=49097"}],"curies":[{"name":"wp","href":"https:\/\/api.w.org\/{rel}","templated":true}]}}