{"id":50263,"date":"2020-12-09T11:46:44","date_gmt":"2020-12-09T11:46:44","guid":{"rendered":"https:\/\/edu.asada-mesh.com\/?page_id=50263"},"modified":"2021-03-10T19:14:07","modified_gmt":"2021-03-10T19:14:07","slug":"hardmesh-mallas-ms","status":"publish","type":"page","link":"https:\/\/edu.asada-mesh.com\/es\/hardmesh-mallas-ms\/","title":{"rendered":"Mallas Hardmesh &#8211; Gama MS"},"content":{"rendered":"\t\t<div data-elementor-type=\"wp-page\" data-elementor-id=\"50263\" class=\"elementor elementor-50263 elementor-48513\" data-elementor-post-type=\"page\">\n\t\t\t\t\t\t<section class=\"elementor-section elementor-top-section elementor-element elementor-element-417c6c34 elementor-section-boxed elementor-section-height-default elementor-section-height-default\" data-id=\"417c6c34\" data-element_type=\"section\">\n\t\t\t\t\t\t<div class=\"elementor-container elementor-column-gap-wider\">\n\t\t\t\t\t<div class=\"elementor-column elementor-col-50 elementor-top-column elementor-element elementor-element-beb1ee3\" data-id=\"beb1ee3\" data-element_type=\"column\" data-settings=\"{&quot;background_background&quot;:&quot;classic&quot;}\">\n\t\t\t<div class=\"elementor-widget-wrap elementor-element-populated\">\n\t\t\t\t\t\t<section class=\"elementor-section elementor-inner-section elementor-element elementor-element-b414e95 elementor-section-boxed elementor-section-height-default elementor-section-height-default\" data-id=\"b414e95\" data-element_type=\"section\">\n\t\t\t\t\t\t<div class=\"elementor-container elementor-column-gap-default\">\n\t\t\t\t\t<div class=\"elementor-column elementor-col-50 elementor-inner-column elementor-element elementor-element-3ba5cc6\" data-id=\"3ba5cc6\" data-element_type=\"column\">\n\t\t\t<div class=\"elementor-widget-wrap elementor-element-populated\">\n\t\t\t\t\t\t<div class=\"elementor-element elementor-element-7c08f75 elementor-widget elementor-widget-image\" data-id=\"7c08f75\" data-element_type=\"widget\" data-widget_type=\"image.default\">\n\t\t\t\t<div class=\"elementor-widget-container\">\n\t\t\t\t\t\t\t\t\t\t\t\t\t<img decoding=\"async\" width=\"268\" height=\"118\" src=\"https:\/\/edu.asada-mesh.com\/wp-content\/uploads\/2020\/07\/hardmesh2.jpg\" class=\"attachment-large size-large wp-image-48517\" alt=\"\" \/>\t\t\t\t\t\t\t\t\t\t\t\t\t<\/div>\n\t\t\t\t<\/div>\n\t\t\t\t\t<\/div>\n\t\t<\/div>\n\t\t\t\t<div class=\"elementor-column elementor-col-50 elementor-inner-column elementor-element elementor-element-bfe8f39\" data-id=\"bfe8f39\" data-element_type=\"column\">\n\t\t\t<div class=\"elementor-widget-wrap elementor-element-populated\">\n\t\t\t\t\t\t<div class=\"elementor-element elementor-element-cf3df7b elementor-widget elementor-widget-image\" data-id=\"cf3df7b\" data-element_type=\"widget\" data-widget_type=\"image.default\">\n\t\t\t\t<div class=\"elementor-widget-container\">\n\t\t\t\t\t\t\t\t\t\t\t\t\t<img decoding=\"async\" width=\"180\" height=\"118\" src=\"https:\/\/edu.asada-mesh.com\/wp-content\/uploads\/2020\/07\/hardmesh3.jpg\" class=\"attachment-large size-large wp-image-48519\" alt=\"\" \/>\t\t\t\t\t\t\t\t\t\t\t\t\t<\/div>\n\t\t\t\t<\/div>\n\t\t\t\t\t<\/div>\n\t\t<\/div>\n\t\t\t\t\t<\/div>\n\t\t<\/section>\n\t\t\t\t<div class=\"elementor-element elementor-element-96270a0 elementor-widget elementor-widget-text-editor\" data-id=\"96270a0\" data-element_type=\"widget\" data-widget_type=\"text-editor.default\">\n\t\t\t\t<div class=\"elementor-widget-container\">\n\t\t\t\t\t\t\t<p>Las mallas MS o Hardmesh se fabrican con hilos de acero de una aleaci\u00f3n con una resistencia a la tensi\u00f3n un 30% mayor que las de los hilos de acero de las mallas de la gama BS o Standard. Las mayores prestaciones de esta materia prima se traducen en una mayor precisi\u00f3n dimensional en las impresiones y una mayor duraci\u00f3n en operaci\u00f3n de las pantallas de serigraf\u00eda avanzada.<br \/>Adem\u00e1s, con este material m\u00e1s resistente se han logrado desarrollos de mallados con una mayor resoluci\u00f3n, como las hilaturas de 640 o 730 hilos por pulgada lineal, para las que se ha seguido reduciendo el di\u00e1metro del hilo de acero que se maneja en los telares.<br \/>Esta gama de producto es la adecuada para la obtenci\u00f3n de l\u00edneas m\u00e1s finas utilizadas para la impresi\u00f3n de electrodos de 30 micras en aplicaciones de Paneles t\u00e1ctiles, Sensores capacitivos de alta transparencia, e incluso en la fabricaci\u00f3n de componentes electr\u00f3nicos altamente miniaturizados como son los MLCC (Multi-Layered Ceramic Capacitors) o MLCI (Multi-Layered Ceramic Inductors). Otras aplicaciones incluyen componentes LTCC (Low Temperature Co-firing Ceramics) o\u00a0 m\u00faltiples dise\u00f1os de dispositivos MEMS (Micro-Electro-Mechanical Systems)<\/p>\t\t\t\t\t\t<\/div>\n\t\t\t\t<\/div>\n\t\t\t\t\t<\/div>\n\t\t<\/div>\n\t\t\t\t<div class=\"elementor-column elementor-col-50 elementor-top-column elementor-element elementor-element-3f8d6e1b\" data-id=\"3f8d6e1b\" data-element_type=\"column\" data-settings=\"{&quot;background_background&quot;:&quot;classic&quot;}\">\n\t\t\t<div class=\"elementor-widget-wrap elementor-element-populated\">\n\t\t\t\t\t<div class=\"elementor-background-overlay\"><\/div>\n\t\t\t\t\t\t<div class=\"elementor-element elementor-element-3cea4e0 elementor-widget elementor-widget-image\" data-id=\"3cea4e0\" data-element_type=\"widget\" data-widget_type=\"image.default\">\n\t\t\t\t<div class=\"elementor-widget-container\">\n\t\t\t\t\t\t\t\t\t\t\t\t\t<img fetchpriority=\"high\" decoding=\"async\" width=\"265\" height=\"245\" src=\"https:\/\/edu.asada-mesh.com\/wp-content\/uploads\/2020\/07\/Hardmesh.jpg\" class=\"attachment-large size-large wp-image-48524\" alt=\"\" \/>\t\t\t\t\t\t\t\t\t\t\t\t\t<\/div>\n\t\t\t\t<\/div>\n\t\t\t\t<div class=\"elementor-element elementor-element-341d4df elementor-button-info elementor-align-center elementor-widget elementor-widget-button\" data-id=\"341d4df\" data-element_type=\"widget\" data-widget_type=\"button.default\">\n\t\t\t\t<div class=\"elementor-widget-container\">\n\t\t\t\t\t<div class=\"elementor-button-wrapper\">\n\t\t\t<a class=\"elementor-button elementor-button-link elementor-size-xs\" href=\"https:\/\/edu.asada-mesh.com\/wp-content\/uploads\/2020\/07\/features.jpg\" target=\"_blank\">\n\t\t\t\t\t\t<span class=\"elementor-button-content-wrapper\">\n\t\t\t\t\t\t\t\t\t<span class=\"elementor-button-text\">Comparativa g\u00e1fica de productos<\/span>\n\t\t\t\t\t<\/span>\n\t\t\t\t\t<\/a>\n\t\t<\/div>\n\t\t\t\t<\/div>\n\t\t\t\t<\/div>\n\t\t\t\t\t<\/div>\n\t\t<\/div>\n\t\t\t\t\t<\/div>\n\t\t<\/section>\n\t\t\t\t<section class=\"elementor-section elementor-top-section elementor-element elementor-element-6d4176d6 elementor-section-full_width elementor-section-height-default elementor-section-height-default\" data-id=\"6d4176d6\" data-element_type=\"section\">\n\t\t\t\t\t\t<div class=\"elementor-container elementor-column-gap-no\">\n\t\t\t\t\t<div class=\"elementor-column elementor-col-100 elementor-top-column elementor-element elementor-element-6e3f82ac\" data-id=\"6e3f82ac\" data-element_type=\"column\">\n\t\t\t<div class=\"elementor-widget-wrap elementor-element-populated\">\n\t\t\t\t\t\t<div class=\"elementor-element elementor-element-28703a42 elementor-widget-divider--view-line_text elementor-widget-divider--separator-type-pattern elementor-widget-divider--element-align-center elementor-widget elementor-widget-divider\" data-id=\"28703a42\" data-element_type=\"widget\" data-widget_type=\"divider.default\">\n\t\t\t\t<div class=\"elementor-widget-container\">\n\t\t\t\t\t<div class=\"elementor-divider\" style=\"--divider-pattern-url: url(&quot;data:image\/svg+xml,%3Csvg xmlns=&#039;http:\/\/www.w3.org\/2000\/svg&#039; preserveAspectRatio=&#039;none&#039; overflow=&#039;visible&#039; height=&#039;100%&#039; viewBox=&#039;0 0 20 16&#039; fill=&#039;none&#039; stroke=&#039;black&#039; stroke-width=&#039;3&#039; stroke-linecap=&#039;square&#039; stroke-miterlimit=&#039;10&#039;%3E%3Cg transform=&#039;translate(-12.000000, 0)&#039;%3E%3Cpath d=&#039;M28,0L10,18&#039;\/%3E%3Cpath d=&#039;M18,0L0,18&#039;\/%3E%3Cpath d=&#039;M48,0L30,18&#039;\/%3E%3Cpath d=&#039;M38,0L20,18&#039;\/%3E%3C\/g%3E%3C\/svg%3E&quot;);\">\n\t\t\t<span class=\"elementor-divider-separator\">\n\t\t\t\t\t\t\t<span class=\"elementor-divider__text elementor-divider__element\">\n\t\t\t\tGama de Productos\t\t\t\t<\/span>\n\t\t\t\t\t\t<\/span>\n\t\t<\/div>\n\t\t\t\t<\/div>\n\t\t\t\t<\/div>\n\t\t\t\t\t<\/div>\n\t\t<\/div>\n\t\t\t\t\t<\/div>\n\t\t<\/section>\n\t\t\t\t<section class=\"elementor-section elementor-top-section elementor-element elementor-element-8c0a9c5 elementor-reverse-tablet elementor-reverse-mobile elementor-section-boxed elementor-section-height-default elementor-section-height-default\" data-id=\"8c0a9c5\" data-element_type=\"section\">\n\t\t\t\t\t\t<div class=\"elementor-container elementor-column-gap-wider\">\n\t\t\t\t\t<div class=\"elementor-column elementor-col-100 elementor-top-column elementor-element elementor-element-014b4f7\" data-id=\"014b4f7\" data-element_type=\"column\">\n\t\t\t<div class=\"elementor-widget-wrap\">\n\t\t\t\t\t\t\t<\/div>\n\t\t<\/div>\n\t\t\t\t\t<\/div>\n\t\t<\/section>\n\t\t\t\t<\/div>\n\t\t","protected":false},"excerpt":{"rendered":"<p>Las mallas MS o Hardmesh se fabrican con hilos de acero de una aleaci\u00f3n con una resistencia a la tensi\u00f3n&hellip;<\/p>\n","protected":false},"author":2,"featured_media":0,"parent":0,"menu_order":0,"comment_status":"closed","ping_status":"closed","template":"","meta":{"_exactmetrics_skip_tracking":false,"_exactmetrics_sitenote_active":false,"_exactmetrics_sitenote_note":"","_exactmetrics_sitenote_category":0,"_price":"","_stock":"","_tribe_ticket_header":"","_tribe_default_ticket_provider":"","_tribe_ticket_capacity":"0","_ticket_start_date":"","_ticket_end_date":"","_tribe_ticket_show_description":"","_tribe_ticket_show_not_going":false,"_tribe_ticket_use_global_stock":"","_tribe_ticket_global_stock_level":"","_global_stock_mode":"","_global_stock_cap":"","_tribe_rsvp_for_event":"","_tribe_ticket_going_count":"","_tribe_ticket_not_going_count":"","_tribe_tickets_list":[],"_tribe_ticket_has_attendee_info_fields":false},"yoast_head":"<!-- This site is optimized with the Yoast SEO plugin v21.2 - https:\/\/yoast.com\/wordpress\/plugins\/seo\/ -->\n<title>Mallas Hardmesh - Gama MS - Asada-Mesh<\/title>\n<meta name=\"description\" content=\"La Gama de producto MS o Hardmesh son mallas de 2\u00aa generaci\u00f3n. Su mayor resistencia a la tensi\u00f3n respecto a la gama BS, permite ofrecer mayores hilaturas\" \/>\n<meta name=\"robots\" content=\"index, follow, max-snippet:-1, max-image-preview:large, max-video-preview:-1\" \/>\n<link rel=\"canonical\" href=\"https:\/\/edu.asada-mesh.com\/es\/hardmesh-mallas-ms\/\" \/>\n<meta property=\"og:locale\" content=\"es_ES\" \/>\n<meta property=\"og:type\" content=\"article\" \/>\n<meta property=\"og:title\" content=\"Mallas Hardmesh - Gama MS - Asada-Mesh\" \/>\n<meta property=\"og:description\" content=\"La Gama de producto MS o Hardmesh son mallas de 2\u00aa generaci\u00f3n. Su mayor resistencia a la tensi\u00f3n respecto a la gama BS, permite ofrecer mayores hilaturas\" \/>\n<meta property=\"og:url\" content=\"https:\/\/edu.asada-mesh.com\/es\/hardmesh-mallas-ms\/\" \/>\n<meta property=\"og:site_name\" content=\"Asada-Mesh\" \/>\n<meta property=\"article:modified_time\" content=\"2021-03-10T19:14:07+00:00\" \/>\n<meta property=\"og:image\" content=\"https:\/\/edu.asada-mesh.com\/wp-content\/uploads\/2020\/07\/hardmesh2.jpg\" \/>\n<meta name=\"twitter:card\" content=\"summary_large_image\" \/>\n<meta name=\"twitter:label1\" content=\"Tiempo de lectura\" \/>\n\t<meta name=\"twitter:data1\" content=\"1 minuto\" \/>\n<script type=\"application\/ld+json\" class=\"yoast-schema-graph\">{\"@context\":\"https:\/\/schema.org\",\"@graph\":[{\"@type\":\"WebPage\",\"@id\":\"https:\/\/edu.asada-mesh.com\/es\/hardmesh-mallas-ms\/\",\"url\":\"https:\/\/edu.asada-mesh.com\/es\/hardmesh-mallas-ms\/\",\"name\":\"Mallas Hardmesh - Gama MS - Asada-Mesh\",\"isPartOf\":{\"@id\":\"https:\/\/edu.asada-mesh.com\/#website\"},\"datePublished\":\"2020-12-09T11:46:44+00:00\",\"dateModified\":\"2021-03-10T19:14:07+00:00\",\"description\":\"La Gama de producto MS o Hardmesh son mallas de 2\u00aa generaci\u00f3n. Su mayor resistencia a la tensi\u00f3n respecto a la gama BS, permite ofrecer mayores hilaturas\",\"breadcrumb\":{\"@id\":\"https:\/\/edu.asada-mesh.com\/es\/hardmesh-mallas-ms\/#breadcrumb\"},\"inLanguage\":\"es\",\"potentialAction\":[{\"@type\":\"ReadAction\",\"target\":[\"https:\/\/edu.asada-mesh.com\/es\/hardmesh-mallas-ms\/\"]}]},{\"@type\":\"BreadcrumbList\",\"@id\":\"https:\/\/edu.asada-mesh.com\/es\/hardmesh-mallas-ms\/#breadcrumb\",\"itemListElement\":[{\"@type\":\"ListItem\",\"position\":1,\"name\":\"Home\",\"item\":\"https:\/\/edu.asada-mesh.com\/es\/\"},{\"@type\":\"ListItem\",\"position\":2,\"name\":\"Mallas Hardmesh &#8211; Gama MS\"}]},{\"@type\":\"WebSite\",\"@id\":\"https:\/\/edu.asada-mesh.com\/#website\",\"url\":\"https:\/\/edu.asada-mesh.com\/\",\"name\":\"Asada-Mesh\",\"description\":\"The World&#039;s Finest Stainless Steel Wire Mesh\",\"publisher\":{\"@id\":\"https:\/\/edu.asada-mesh.com\/#organization\"},\"potentialAction\":[{\"@type\":\"SearchAction\",\"target\":{\"@type\":\"EntryPoint\",\"urlTemplate\":\"https:\/\/edu.asada-mesh.com\/?s={search_term_string}\"},\"query-input\":\"required name=search_term_string\"}],\"inLanguage\":\"es\"},{\"@type\":\"Organization\",\"@id\":\"https:\/\/edu.asada-mesh.com\/#organization\",\"name\":\"Asada Mesh co., Ltd.\",\"url\":\"https:\/\/edu.asada-mesh.com\/\",\"logo\":{\"@type\":\"ImageObject\",\"inLanguage\":\"es\",\"@id\":\"https:\/\/edu.asada-mesh.com\/#\/schema\/logo\/image\/\",\"url\":\"https:\/\/edu.asada-mesh.com\/wp-content\/uploads\/2020\/04\/logo.gif\",\"contentUrl\":\"https:\/\/edu.asada-mesh.com\/wp-content\/uploads\/2020\/04\/logo.gif\",\"width\":410,\"height\":72,\"caption\":\"Asada Mesh co., Ltd.\"},\"image\":{\"@id\":\"https:\/\/edu.asada-mesh.com\/#\/schema\/logo\/image\/\"},\"sameAs\":[\"https:\/\/www.linkedin.com\/groups\/8188921\/\"]}]}<\/script>\n<!-- \/ Yoast SEO plugin. -->","yoast_head_json":{"title":"Mallas Hardmesh - Gama MS - Asada-Mesh","description":"La Gama de producto MS o Hardmesh son mallas de 2\u00aa generaci\u00f3n. Su mayor resistencia a la tensi\u00f3n respecto a la gama BS, permite ofrecer mayores hilaturas","robots":{"index":"index","follow":"follow","max-snippet":"max-snippet:-1","max-image-preview":"max-image-preview:large","max-video-preview":"max-video-preview:-1"},"canonical":"https:\/\/edu.asada-mesh.com\/es\/hardmesh-mallas-ms\/","og_locale":"es_ES","og_type":"article","og_title":"Mallas Hardmesh - Gama MS - Asada-Mesh","og_description":"La Gama de producto MS o Hardmesh son mallas de 2\u00aa generaci\u00f3n. Su mayor resistencia a la tensi\u00f3n respecto a la gama BS, permite ofrecer mayores hilaturas","og_url":"https:\/\/edu.asada-mesh.com\/es\/hardmesh-mallas-ms\/","og_site_name":"Asada-Mesh","article_modified_time":"2021-03-10T19:14:07+00:00","og_image":[{"url":"https:\/\/edu.asada-mesh.com\/wp-content\/uploads\/2020\/07\/hardmesh2.jpg"}],"twitter_card":"summary_large_image","twitter_misc":{"Tiempo de lectura":"1 minuto"},"schema":{"@context":"https:\/\/schema.org","@graph":[{"@type":"WebPage","@id":"https:\/\/edu.asada-mesh.com\/es\/hardmesh-mallas-ms\/","url":"https:\/\/edu.asada-mesh.com\/es\/hardmesh-mallas-ms\/","name":"Mallas Hardmesh - Gama MS - Asada-Mesh","isPartOf":{"@id":"https:\/\/edu.asada-mesh.com\/#website"},"datePublished":"2020-12-09T11:46:44+00:00","dateModified":"2021-03-10T19:14:07+00:00","description":"La Gama de producto MS o Hardmesh son mallas de 2\u00aa generaci\u00f3n. Su mayor resistencia a la tensi\u00f3n respecto a la gama BS, permite ofrecer mayores hilaturas","breadcrumb":{"@id":"https:\/\/edu.asada-mesh.com\/es\/hardmesh-mallas-ms\/#breadcrumb"},"inLanguage":"es","potentialAction":[{"@type":"ReadAction","target":["https:\/\/edu.asada-mesh.com\/es\/hardmesh-mallas-ms\/"]}]},{"@type":"BreadcrumbList","@id":"https:\/\/edu.asada-mesh.com\/es\/hardmesh-mallas-ms\/#breadcrumb","itemListElement":[{"@type":"ListItem","position":1,"name":"Home","item":"https:\/\/edu.asada-mesh.com\/es\/"},{"@type":"ListItem","position":2,"name":"Mallas Hardmesh &#8211; Gama MS"}]},{"@type":"WebSite","@id":"https:\/\/edu.asada-mesh.com\/#website","url":"https:\/\/edu.asada-mesh.com\/","name":"Asada-Mesh","description":"The World&#039;s Finest Stainless Steel Wire Mesh","publisher":{"@id":"https:\/\/edu.asada-mesh.com\/#organization"},"potentialAction":[{"@type":"SearchAction","target":{"@type":"EntryPoint","urlTemplate":"https:\/\/edu.asada-mesh.com\/?s={search_term_string}"},"query-input":"required name=search_term_string"}],"inLanguage":"es"},{"@type":"Organization","@id":"https:\/\/edu.asada-mesh.com\/#organization","name":"Asada Mesh co., Ltd.","url":"https:\/\/edu.asada-mesh.com\/","logo":{"@type":"ImageObject","inLanguage":"es","@id":"https:\/\/edu.asada-mesh.com\/#\/schema\/logo\/image\/","url":"https:\/\/edu.asada-mesh.com\/wp-content\/uploads\/2020\/04\/logo.gif","contentUrl":"https:\/\/edu.asada-mesh.com\/wp-content\/uploads\/2020\/04\/logo.gif","width":410,"height":72,"caption":"Asada Mesh co., Ltd."},"image":{"@id":"https:\/\/edu.asada-mesh.com\/#\/schema\/logo\/image\/"},"sameAs":["https:\/\/www.linkedin.com\/groups\/8188921\/"]}]}},"ticketed":false,"_links":{"self":[{"href":"https:\/\/edu.asada-mesh.com\/es\/wp-json\/wp\/v2\/pages\/50263"}],"collection":[{"href":"https:\/\/edu.asada-mesh.com\/es\/wp-json\/wp\/v2\/pages"}],"about":[{"href":"https:\/\/edu.asada-mesh.com\/es\/wp-json\/wp\/v2\/types\/page"}],"author":[{"embeddable":true,"href":"https:\/\/edu.asada-mesh.com\/es\/wp-json\/wp\/v2\/users\/2"}],"replies":[{"embeddable":true,"href":"https:\/\/edu.asada-mesh.com\/es\/wp-json\/wp\/v2\/comments?post=50263"}],"version-history":[{"count":5,"href":"https:\/\/edu.asada-mesh.com\/es\/wp-json\/wp\/v2\/pages\/50263\/revisions"}],"predecessor-version":[{"id":50285,"href":"https:\/\/edu.asada-mesh.com\/es\/wp-json\/wp\/v2\/pages\/50263\/revisions\/50285"}],"wp:attachment":[{"href":"https:\/\/edu.asada-mesh.com\/es\/wp-json\/wp\/v2\/media?parent=50263"}],"curies":[{"name":"wp","href":"https:\/\/api.w.org\/{rel}","templated":true}]}}